{"id":11,"date":"2014-05-10T22:16:10","date_gmt":"2014-05-10T20:16:10","guid":{"rendered":"http:\/\/www.pepiniere-des-possibles.fr\/?page_id=11"},"modified":"2019-01-19T06:37:15","modified_gmt":"2019-01-19T05:37:15","slug":"nos-motivations","status":"publish","type":"page","link":"http:\/\/www.pepiniere-des-possibles.fr\/?page_id=11","title":{"rendered":"la P\u00e9pini\u00e8re des Possibles"},"content":{"rendered":"<p><!-- [if gte mso 9]><xml>\n<o:OfficeDocumentSettings>\n<o:RelyOnVML\/>\n<o:AllowPNG\/>\n<\/o:OfficeDocumentSettings>\n<\/xml><![endif]--><\/p>\n<p><img loading=\"lazy\" decoding=\"async\" data-attachment-id=\"9\" data-permalink=\"http:\/\/www.pepiniere-des-possibles.fr\/?attachment_id=9\" data-orig-file=\"http:\/\/www.pepiniere-des-possibles.fr\/wp-content\/uploads\/2014\/05\/AFFICHE-ASSO-LA-PEPINIERE-DES-POSSIBLES-couleur-gauche-copie-e1614681276214.gif\" data-orig-size=\"133,188\" data-comments-opened=\"1\" data-image-meta=\"{&quot;aperture&quot;:&quot;0&quot;,&quot;credit&quot;:&quot;&quot;,&quot;camera&quot;:&quot;&quot;,&quot;caption&quot;:&quot;&quot;,&quot;created_timestamp&quot;:&quot;0&quot;,&quot;copyright&quot;:&quot;&quot;,&quot;focal_length&quot;:&quot;0&quot;,&quot;iso&quot;:&quot;0&quot;,&quot;shutter_speed&quot;:&quot;0&quot;,&quot;title&quot;:&quot;&quot;}\" data-image-title=\"AFFICHE-ASSO-LA-PEPINIERE-DES-POSSIBLES-couleur-gauche-copie\" data-image-description=\"\" data-image-caption=\"\" data-large-file=\"http:\/\/www.pepiniere-des-possibles.fr\/wp-content\/uploads\/2014\/05\/AFFICHE-ASSO-LA-PEPINIERE-DES-POSSIBLES-couleur-gauche-copie-724x1024.gif\" class=\"size-medium wp-image-9 alignleft\" src=\"http:\/\/www.pepiniere-des-possibles.fr\/wp-content\/uploads\/2014\/05\/AFFICHE-ASSO-LA-PEPINIERE-DES-POSSIBLES-couleur-gauche-copie-212x300.gif\" alt=\"AFFICHE-ASSO-LA-PEPINIERE-DES-POSSIBLES-couleur-gauche-copie\" width=\"132\" height=\"187\" \/><\/p>\n<p><strong>La P\u00e9pini\u00e8re des Possibles<\/strong>,<br \/>\nCr\u00e9atrice d\u2019Utopies R\u00e9alistes,<\/p>\n<p>A pour objet de :<\/p>\n<ul>\n<li>Promouvoir, soutenir localement tout projet \u00e9conomique \u00e9quitable, solidaire et respectueux de l\u2019homme et de l\u2019environnement<\/li>\n<li>Promouvoir, soutenir, aider le d\u00e9veloppement de toute activit\u00e9 paysanne de proximit\u00e9 respectueuse de l\u2019environnement, permettant, en circuit-court, \u00a0la production et la consommation d\u2019aliments sains et de qualit\u00e9<\/li>\n<li>Sensibiliser \u00e0 la consommation responsable<\/li>\n<li>Favoriser le lien social et permettre l\u2019\u00e9mancipation du plus grand nombre par la r\u00e9appropriation de savoirs, savoir-\u00eatre et savoir-faire<\/li>\n<\/ul>\n<p>Elle exerce son activit\u00e9 par les moyens suivants :<\/p>\n<ul>\n<li>Mise en place d\u2019Associations pour le Maintien d\u2019une Agriculture Paysanne : l\u2019association met en relation directe ses adh\u00e9rents avec des producteurs locaux dans le respect des valeurs et principes de la charte des AMAP et dans le cadre d\u2019une gestion d\u00e9sint\u00e9ress\u00e9e. Elle anime les rencontres, organise les distributions selon les modalit\u00e9s d\u00e9finies dans le r\u00e8glement int\u00e9rieur de l\u2019AMAP et dans le contrat liant l\u2019adh\u00e9rent et le producteur.<\/li>\n<li>Organisation et animation d\u2019ateliers th\u00e9matiques<\/li>\n<li>Cr\u00e9ation de Service d\u2019Echange Local<\/li>\n<li>Mise en place et d\u00e9veloppement de moyens de communication<\/li>\n<li>Universit\u00e9 populaire<\/li>\n<\/ul>\n","protected":false},"excerpt":{"rendered":"<p>La P\u00e9pini\u00e8re des Possibles, Cr\u00e9atrice d\u2019Utopies R\u00e9alistes, A pour objet de : Promouvoir, soutenir localement tout projet \u00e9conomique \u00e9quitable, solidaire et respectueux de l\u2019homme et de l\u2019environnement Promouvoir, soutenir, aider le d\u00e9veloppement de toute activit\u00e9 paysanne de proximit\u00e9 respectueuse de &hellip; <a href=\"http:\/\/www.pepiniere-des-possibles.fr\/?page_id=11\">Continuer la lecture <span class=\"meta-nav\">&rarr;<\/span><\/a><\/p>\n","protected":false},"author":1,"featured_media":0,"parent":0,"menu_order":1,"comment_status":"closed","ping_status":"closed","template":"","meta":{"jetpack_post_was_ever_published":false,"footnotes":""},"class_list":["post-11","page","type-page","status-publish","hentry"],"jetpack_sharing_enabled":true,"jetpack_shortlink":"https:\/\/wp.me\/P4XvJ4-b","jetpack-related-posts":[{"id":1527,"url":"http:\/\/www.pepiniere-des-possibles.fr\/?page_id=1527","url_meta":{"origin":11,"position":0},"title":"Amap de l&rsquo;Helpe \u00e0 la Solre","author":"pepiniere","date":"20\/02\/2021","format":false,"excerpt":"L'AMAP du pays de l'Helpe \u00e0 la Solre, qu'est-ce que c'est? Une association pour le Maintien de l'Activit\u00e9 Paysanne Un engagement entre l'Amapien et le producteur- L\u2019Amapien est acteur de sa consommation. Il aide au d\u00e9veloppement de l\u2019agriculture paysanne gr\u00e2ce \u00e0 son engagement \u00e0 l\u2019ann\u00e9e aupr\u00e8s d\u2019un producteur. Le mara\u00eecher\u2026","rel":"","context":"Article similaire","block_context":{"text":"Article similaire","link":""},"img":{"alt_text":"","src":"","width":0,"height":0},"classes":[]},{"id":52,"url":"http:\/\/www.pepiniere-des-possibles.fr\/?page_id=52","url_meta":{"origin":11,"position":1},"title":"Amap l\u00e9gumes,  le Jardin de P\u00e9pin","author":"pepiniere","date":"13\/05\/2014","format":false,"excerpt":"https:\/\/www.facebook.com\/mathieupepinmaraicher contrat l\u00e9gumes:\u00a0Contrat legume 2022 un panier correspond \u00e0 la consommation d'une famille de 4 personnes durant une semaine\u00a0\u00a0\u00e0 raison d'un repas par jour Chaque semaine de mai \u00e0 mars,\u00a0vous venez avec\u00a0votre cabas r\u00e9cup\u00e9rer\u00a0votre panier de l\u00e9gumes vari\u00e9s.45 paniers sont disponibles. Au del\u00e0 vous serez accueilli(e) sur liste d\u2019attente, et\u2026","rel":"","context":"Article similaire","block_context":{"text":"Article similaire","link":""},"img":{"alt_text":"","src":"","width":0,"height":0},"classes":[]},{"id":517,"url":"http:\/\/www.pepiniere-des-possibles.fr\/?page_id=517","url_meta":{"origin":11,"position":2},"title":"Du Sel au Chuc","author":"pepiniere","date":"26\/12\/2015","format":false,"excerpt":"\u00a0 Naissance d\u2019un SEL, germination d\u2019une id\u00e9e\u2026 L\u2019id\u00e9e de mettre en place un SEL nous a conduit \u00e0 nous poser cette question\u00a0: \u00ab\u00a0Pourquoi un SEL\u00a0? Quelle diff\u00e9rence avec les \u00e9changes que nous pratiquons d\u00e9j\u00e0 avec nos voisins ou amis\u00a0?\u00a0\u00bb \u00c0 vrai dire pas grand-chose. Toutefois il permet \u00e0 chacun d\u2019\u00e9largir\u2026","rel":"","context":"Article similaire","block_context":{"text":"Article similaire","link":""},"img":{"alt_text":"","src":"","width":0,"height":0},"classes":[]},{"id":772,"url":"http:\/\/www.pepiniere-des-possibles.fr\/?page_id=772","url_meta":{"origin":11,"position":3},"title":"Adh\u00e9rer","author":"pepiniere","date":"03\/03\/2018","format":false,"excerpt":"Il vous suffit de nous rencontrer et de r\u00e9gler une cotisation annuelle de 10\u20ac. lien vers le formulaire d'adh\u00e9sion:Formulaire_adhesion2021 D\u00e8s lors, vous\u00a0pourrez pr\u00e9tendre \u00e0 un des contrats que nous vous proposons\u00a0\u00a0qui vous lie pendant un an avec un producteur, participer aux ateliers et animations propos\u00e9es et participer \u00e0 la vie\u2026","rel":"","context":"Article similaire","block_context":{"text":"Article similaire","link":""},"img":{"alt_text":"","src":"","width":0,"height":0},"classes":[]},{"id":578,"url":"http:\/\/www.pepiniere-des-possibles.fr\/?page_id=578","url_meta":{"origin":11,"position":4},"title":"Le POPOMOCOPO du CHUC","author":"pepiniere","date":"04\/08\/2016","format":false,"excerpt":"\u00a0http:\/\/sel-avesnois.forumactif.org POPOMOCOPO juillet 2016\u00a0\u00a0 Libres Livres POPOMOCOPO ao\u00fbt 2016\u00a0 Les ateliers POPOMOCOPO f\u00e9vrier 2017 Couture et Rabiboches POPOMOCOPO\u00a0 avril 2017\u00a0 Rencontres \u00e0 venir POPOMOCOPO\u00a0 juillet 2017\u00a0 Les vacances","rel":"","context":"Article similaire","block_context":{"text":"Article similaire","link":""},"img":{"alt_text":"","src":"","width":0,"height":0},"classes":[]},{"id":793,"url":"http:\/\/www.pepiniere-des-possibles.fr\/?page_id=793","url_meta":{"origin":11,"position":5},"title":"Amap \u0153ufs et poules du jardin de P\u00e9pin","author":"pepiniere","date":"04\/03\/2018","format":false,"excerpt":"https:\/\/www.facebook.com\/mathieupepinmaraicher contrat \u0153ufs:Contrat oeuf et poule 2021 Ref asso: lamarque.munier@wanadoo.f Depuis plusieurs ann\u00e9e Am\u00e9lie Dupont produisait des \u0153ufs. Elle cessera son activit\u00e9 ce printemps. Mathieu Pepin, prendra la rel\u00e8ve d\u00e8s le printemps 2021. En effet, un petit atelier poule pondeuse se marie bien avec le mara\u00eechage. Un faible effectif de\u2026","rel":"","context":"Article similaire","block_context":{"text":"Article similaire","link":""},"img":{"alt_text":"","src":"","width":0,"height":0},"classes":[]}],"jetpack_likes_enabled":true,"_links":{"self":[{"href":"http:\/\/www.pepiniere-des-possibles.fr\/index.php?rest_route=\/wp\/v2\/pages\/11","targetHints":{"allow":["GET"]}}],"collection":[{"href":"http:\/\/www.pepiniere-des-possibles.fr\/index.php?rest_route=\/wp\/v2\/pages"}],"about":[{"href":"http:\/\/www.pepiniere-des-possibles.fr\/index.php?rest_route=\/wp\/v2\/types\/page"}],"author":[{"embeddable":true,"href":"http:\/\/www.pepiniere-des-possibles.fr\/index.php?rest_route=\/wp\/v2\/users\/1"}],"replies":[{"embeddable":true,"href":"http:\/\/www.pepiniere-des-possibles.fr\/index.php?rest_route=%2Fwp%2Fv2%2Fcomments&post=11"}],"version-history":[{"count":10,"href":"http:\/\/www.pepiniere-des-possibles.fr\/index.php?rest_route=\/wp\/v2\/pages\/11\/revisions"}],"predecessor-version":[{"id":1104,"href":"http:\/\/www.pepiniere-des-possibles.fr\/index.php?rest_route=\/wp\/v2\/pages\/11\/revisions\/1104"}],"wp:attachment":[{"href":"http:\/\/www.pepiniere-des-possibles.fr\/index.php?rest_route=%2Fwp%2Fv2%2Fmedia&parent=11"}],"curies":[{"name":"wp","href":"https:\/\/api.w.org\/{rel}","templated":true}]}}