{"id":517,"date":"2015-12-26T12:06:09","date_gmt":"2015-12-26T11:06:09","guid":{"rendered":"http:\/\/www.pepiniere-des-possibles.fr\/?page_id=517"},"modified":"2019-01-19T06:41:48","modified_gmt":"2019-01-19T05:41:48","slug":"sel","status":"publish","type":"page","link":"http:\/\/www.pepiniere-des-possibles.fr\/?page_id=517","title":{"rendered":"Du Sel au Chuc"},"content":{"rendered":"<p>&nbsp;<\/p>\n<p class=\"western\" style=\"margin-bottom: 0cm;\" align=\"CENTER\"><span style=\"font-family: Calibri,sans-serif;\"><span style=\"font-size: medium;\"><b>Naissance d\u2019un SEL, germination d\u2019une id\u00e9e\u2026<\/b><\/span><\/span><\/p>\n<p class=\"western\" style=\"margin-bottom: 0cm;\" align=\"JUSTIFY\"><span style=\"font-family: Calibri,sans-serif;\"><span style=\"font-size: medium;\"> L\u2019id\u00e9e de mettre en place un SEL nous a conduit \u00e0 nous poser cette question\u00a0: \u00ab\u00a0Pourquoi un SEL\u00a0? Quelle diff\u00e9rence avec les \u00e9changes que nous pratiquons d\u00e9j\u00e0 avec nos voisins ou amis\u00a0?\u00a0\u00bb \u00c0 vrai dire pas grand-chose. Toutefois il permet \u00e0 chacun d\u2019\u00e9largir son r\u00e9seau, de s\u2019int\u00e9grer \u00e0 une communaut\u00e9 ouverte. <\/span><\/span><\/p>\n<p class=\"western\" style=\"margin-bottom: 0cm;\" align=\"JUSTIFY\"><span style=\"font-family: Calibri,sans-serif;\"><span style=\"font-size: medium;\"> Le terme SEL renvoi \u00e0 un syst\u00e8me qui existe depuis d\u00e9j\u00e0 plusieurs ann\u00e9es. Nous, nous avons \u00e0 c\u0153ur de faire quelque chose qui nous est propre. Ainsi pourrons nous apporter un outil adapt\u00e9 et adaptable aux personnes pr\u00e9sentes et au milieu dans lequel elles \u00e9voluent et puissent, du fait, se rencontrer, \u00e9changer, partager, vivre ensemble. <\/span><\/span><\/p>\n<p class=\"western\" style=\"margin-bottom: 0cm;\" align=\"JUSTIFY\"><span style=\"font-family: Calibri,sans-serif;\"><span style=\"font-size: medium;\"><b>R\u00e9flexions pr\u00e9alables sur la nature des relations humaines\u00a0: <\/b><\/span><\/span><\/p>\n<p class=\"western\" style=\"margin-bottom: 0cm;\" align=\"JUSTIFY\"><span style=\"font-family: Calibri,sans-serif;\"><span style=\"font-size: medium;\"> &#8211; <\/span><\/span><span style=\"font-family: Calibri,sans-serif;\"><span style=\"font-size: medium;\"><span style=\"text-decoration: underline;\">\u00c9mancipation vis-\u00e0-vis du mod\u00e8le soci\u00e9tal actuel<\/span><\/span><\/span><span style=\"font-family: Calibri,sans-serif;\"><span style=\"font-size: medium;\"> fond\u00e9 sur le productivisme, le consum\u00e9risme et l\u2019individualisme\u00a0: rendre service et vivre ensemble sont des besoins fondamentaux de l\u2019\u00eatre humain. En rendant possible l\u2019entraide, la mise \u00e0 disposition de tous les savoirs, savoir-\u00eatre et savoir-faire, on permet \u00e0 chacun d\u2019exister par et pour les autres, en tant qu\u2019acteur du bien commun.<\/span><\/span><\/p>\n<p class=\"western\" style=\"margin-bottom: 0cm;\" align=\"JUSTIFY\"><span style=\"font-family: Calibri,sans-serif;\"><span style=\"font-size: medium;\"> &#8211; <\/span><\/span><span style=\"font-family: Calibri,sans-serif;\"><span style=\"font-size: medium;\"><span style=\"text-decoration: underline;\">L\u2019altruisme<\/span><\/span><\/span><span style=\"font-family: Calibri,sans-serif;\"><span style=\"font-size: medium;\">\u00a0: tendance \u00e0 vouloir et faire le bien d\u2019autrui, amenant \u00e0 se poser la question\u00a0: \u00ab\u00a0comment, moi, vais-je pouvoir me rendre utile \u00e0 la communaut\u00e9\u00a0?\u00a0\u00bb plut\u00f4t que \u00ab\u00a0comment les autres vont-ils pouvoir me rendre service\u00a0? Qu\u2019ai-je \u00e0 gagner\u00a0?\u00a0\u00bb<\/span><\/span><\/p>\n<p class=\"western\" style=\"margin-bottom: 0cm;\" align=\"JUSTIFY\"><span style=\"font-family: Calibri,sans-serif;\"><span style=\"font-size: medium;\"><b>Les principes de bases qui en d\u00e9coulent\u00a0:<\/b><\/span><\/span><\/p>\n<p class=\"western\" style=\"margin-bottom: 0cm;\"><span style=\"font-family: Calibri,sans-serif;\"><span style=\"font-size: medium;\"> &#8211; <\/span><\/span><span style=\"font-family: Calibri,sans-serif;\"><span style=\"font-size: medium;\"><span style=\"text-decoration: underline;\">\u00ab\u00a0le lien est plus important que le bien\u00a0\u00bb\u00a0:<\/span><\/span><\/span><span style=\"font-family: Calibri,sans-serif;\"><span style=\"font-size: medium;\"> l\u2019\u00e9change (esprit de partage et de solidarit\u00e9, rencontre) doit pr\u00e9valoir \u00e0 ce qui motive l\u2019\u00e9change en premier lieu\u00a0(\u00e9change de service, de biens, de conseils\u2026). Ainsi, les comp\u00e9tences ne peuvent-elles \u00eatres class\u00e9es selon une \u00e9chelle de valeur. <\/span><\/span><\/p>\n<p class=\"western\" style=\"margin-bottom: 0cm;\"><span style=\"font-family: Calibri,sans-serif;\"><span style=\"font-size: medium;\"> &#8211; <\/span><\/span><span style=\"font-family: Calibri,sans-serif;\"><span style=\"font-size: medium;\"><span style=\"text-decoration: underline;\">Respect r\u00e9ciproque entre les acteurs de l\u2019\u00e9change<\/span><\/span><\/span><span style=\"font-family: Calibri,sans-serif;\"><span style=\"font-size: medium;\">\u00a0: celui qui apporte son aide, ne doit pas voir dans son action envers l\u2019autre, la clef vers un profit \u00e0 venir\u00a0; inversement, celui qui demande de l\u2019aide ne doit pas voir celui qui r\u00e9pond comme un ouvrier se proposant de travailler pour lui\u00a0: en aucun cas, il ne peut y avoir de situation de subordination. <\/span><\/span><\/p>\n<p class=\"western\" style=\"margin-bottom: 0cm;\"><span style=\"font-family: Calibri,sans-serif;\"><span style=\"font-size: medium;\"> &#8211; <\/span><\/span><span style=\"font-family: Calibri,sans-serif;\"><span style=\"font-size: medium;\"><span style=\"text-decoration: underline;\">\u00c9quilibre de l\u2019\u00e9change<\/span><\/span><\/span><span style=\"font-family: Calibri,sans-serif;\"><span style=\"font-size: medium;\">\u00a0: Nous souhaitons que les \u00e9changes s\u2019effectuent dans le cadre d\u2019une g\u00e9n\u00e9rosit\u00e9 saine\u00a0: personne n\u2019est oblig\u00e9 de donner ou de recevoir si cela va au d\u00e9triment de sa propre personne. Si l\u2019\u00e9change peut ne pas \u00eatre r\u00e9ciproque au niveau \u00ab\u00a0mat\u00e9riel\u00a0\u00bb, il doit l\u2019\u00eatre d\u2019un point de vue humain. On \u00e9change pour le plaisir de rendre service.<\/span><\/span><\/p>\n<p class=\"western\" style=\"margin-bottom: 0cm;\"><span style=\"font-family: Calibri,sans-serif;\"><span style=\"font-size: medium;\"> &#8211; <\/span><\/span><span style=\"font-family: Calibri,sans-serif;\"><span style=\"font-size: medium;\"><span style=\"text-decoration: underline;\">Importance du collectif\u00a0:<\/span><\/span><\/span><span style=\"font-family: Calibri,sans-serif;\"><span style=\"font-size: medium;\"> les \u00e9changes se font \u00e0 la connaissance de tous. Le collectif peut intervenir pour rappeler l\u2019esprit du SEL et ce que cela implique. La possibilit\u00e9 est \u00e9galement donn\u00e9e \u00e0 chacun de s\u2019exprimer \u00e0 l\u2019ensemble des membres. Les discussions, d\u00e9bats et r\u00e9flexions entre membres de la communaut\u00e9 sont essentiels\u00a0; indispensables \u00e0 l\u2019\u00e9volution et au bon fonctionnement de l\u2019outil SEL. <\/span><\/span><\/p>\n<p class=\"western\" style=\"margin-bottom: 0cm;\"><span style=\"font-family: Calibri,sans-serif;\"><span style=\"font-size: medium;\"><b>Le SEL, un outil pour mettre en \u0153uvre les objets de l\u2019association\u00a0: <\/b><\/span><\/span><\/p>\n<p class=\"western\" style=\"margin-bottom: 0cm;\" align=\"JUSTIFY\"><span style=\"font-family: Calibri,sans-serif;\"><span style=\"font-size: medium;\"> &#8211; \u00ab\u00a0<\/span><\/span><span style=\"font-family: Calibri,sans-serif;\"><span style=\"font-size: medium;\"><span style=\"text-decoration: underline;\">Favoriser le lien social et permettre l\u2019\u00e9mancipation du plus grand nombre par la r\u00e9appropriation de savoirs, savoir-\u00eatre et savoir-faire<\/span><\/span><\/span><span style=\"font-family: Calibri,sans-serif;\"><span style=\"font-size: medium;\">\u00a0\u00bb. En aucun cas, il ne doit \u00eatre per\u00e7u comme un point d\u2019aboutissement. C\u2019est une composant d\u2019un processus visant \u00e0 recr\u00e9er et renforcer les liens sociaux, r\u00e9apprendre la solidarit\u00e9 et le partage. <\/span><\/span><\/p>\n<p class=\"western\" style=\"margin-bottom: 0cm;\" align=\"JUSTIFY\"><span style=\"font-family: Calibri,sans-serif;\"><span style=\"font-size: medium;\"> &#8211; Chaque membre est, du fait, encourag\u00e9 \u00e0 <\/span><\/span><span style=\"font-family: Calibri,sans-serif;\"><span style=\"font-size: medium;\"><span style=\"text-decoration: underline;\">d\u00e9passer le cadre du SEL<\/span><\/span><\/span><span style=\"font-family: Calibri,sans-serif;\"><span style=\"font-size: medium;\">. Nous souhaitons que les exp\u00e9riences acquises au sein du SEL donnent lieu \u00e0 des moments de sociabilit\u00e9 spontan\u00e9es, des initiatives d\u2019\u00e9changes et de partages. Nous voulons que chaque individu s\u2019approprie cet esprit et ses valeurs pour pouvoir s\u2019\u00e9manciper du syst\u00e8me<\/span><\/span><\/p>\n<p class=\"western\" style=\"margin-bottom: 0cm;\" align=\"JUSTIFY\"><span style=\"font-family: Calibri,sans-serif;\"><span style=\"font-size: medium;\"> &#8211; <\/span><\/span><span style=\"font-family: Calibri,sans-serif;\"><span style=\"font-size: medium;\"><span style=\"text-decoration: underline;\">Un outil qui ne peut fonctionner sans l\u2019implication de tous les membres<\/span><\/span><\/span><span style=\"font-family: Calibri,sans-serif;\"><span style=\"font-size: medium;\">\u00a0: ce n\u2019est que par les actions et l\u2019engagement de chacun que le SEL prendra tout son sens. Chacun, par ses actes et ses paroles, est ambassadeur de l\u2019esprit du SEL. <\/span><\/span><\/p>\n<p class=\"western\" style=\"margin-bottom: 0cm;\" align=\"JUSTIFY\"><span style=\"font-family: Calibri,sans-serif;\"><span style=\"font-size: medium;\">Au sein de la p\u00e9pini\u00e8re, chacun porte en lui le germe de ces utopies r\u00e9alistes. <\/span><\/span><\/p>\n<p class=\"western\" style=\"margin-bottom: 0cm;\" align=\"JUSTIFY\"><a id=\"yui_3_16_0_1_1434390123394_35561\" href=\"http:\/\/sel-avesnois.forumactif.org\/\" target=\"_blank\" rel=\"noopener\">http:\/\/sel-avesnois.forumactif.org<\/a><\/p>\n<p>&nbsp;<\/p>\n","protected":false},"excerpt":{"rendered":"<p>&nbsp; Naissance d\u2019un SEL, germination d\u2019une id\u00e9e\u2026 L\u2019id\u00e9e de mettre en place un SEL nous a conduit \u00e0 nous poser cette question\u00a0: \u00ab\u00a0Pourquoi un SEL\u00a0? Quelle diff\u00e9rence avec les \u00e9changes que nous pratiquons d\u00e9j\u00e0 avec nos voisins ou amis\u00a0?\u00a0\u00bb \u00c0 &hellip; <a href=\"http:\/\/www.pepiniere-des-possibles.fr\/?page_id=517\">Continuer la lecture <span class=\"meta-nav\">&rarr;<\/span><\/a><\/p>\n","protected":false},"author":1,"featured_media":0,"parent":0,"menu_order":6,"comment_status":"open","ping_status":"open","template":"","meta":{"jetpack_post_was_ever_published":false,"footnotes":""},"class_list":["post-517","page","type-page","status-publish","hentry"],"jetpack_sharing_enabled":true,"jetpack_shortlink":"https:\/\/wp.me\/P4XvJ4-8l","jetpack-related-posts":[{"id":578,"url":"http:\/\/www.pepiniere-des-possibles.fr\/?page_id=578","url_meta":{"origin":517,"position":0},"title":"Le POPOMOCOPO du CHUC","author":"pepiniere","date":"04\/08\/2016","format":false,"excerpt":"\u00a0http:\/\/sel-avesnois.forumactif.org POPOMOCOPO juillet 2016\u00a0\u00a0 Libres Livres POPOMOCOPO ao\u00fbt 2016\u00a0 Les ateliers POPOMOCOPO f\u00e9vrier 2017 Couture et Rabiboches POPOMOCOPO\u00a0 avril 2017\u00a0 Rencontres \u00e0 venir POPOMOCOPO\u00a0 juillet 2017\u00a0 Les vacances","rel":"","context":"Article similaire","block_context":{"text":"Article similaire","link":""},"img":{"alt_text":"","src":"","width":0,"height":0},"classes":[]},{"id":772,"url":"http:\/\/www.pepiniere-des-possibles.fr\/?page_id=772","url_meta":{"origin":517,"position":1},"title":"Adh\u00e9rer","author":"pepiniere","date":"03\/03\/2018","format":false,"excerpt":"Il vous suffit de nous rencontrer et de r\u00e9gler une cotisation annuelle de 10\u20ac. lien vers le formulaire d'adh\u00e9sion:Formulaire_adhesion2021 D\u00e8s lors, vous\u00a0pourrez pr\u00e9tendre \u00e0 un des contrats que nous vous proposons\u00a0\u00a0qui vous lie pendant un an avec un producteur, participer aux ateliers et animations propos\u00e9es et participer \u00e0 la vie\u2026","rel":"","context":"Article similaire","block_context":{"text":"Article similaire","link":""},"img":{"alt_text":"","src":"","width":0,"height":0},"classes":[]},{"id":52,"url":"http:\/\/www.pepiniere-des-possibles.fr\/?page_id=52","url_meta":{"origin":517,"position":2},"title":"Amap l\u00e9gumes,  le Jardin de P\u00e9pin","author":"pepiniere","date":"13\/05\/2014","format":false,"excerpt":"https:\/\/www.facebook.com\/mathieupepinmaraicher contrat l\u00e9gumes:\u00a0Contrat legume 2022 un panier correspond \u00e0 la consommation d'une famille de 4 personnes durant une semaine\u00a0\u00a0\u00e0 raison d'un repas par jour Chaque semaine de mai \u00e0 mars,\u00a0vous venez avec\u00a0votre cabas r\u00e9cup\u00e9rer\u00a0votre panier de l\u00e9gumes vari\u00e9s.45 paniers sont disponibles. Au del\u00e0 vous serez accueilli(e) sur liste d\u2019attente, et\u2026","rel":"","context":"Article similaire","block_context":{"text":"Article similaire","link":""},"img":{"alt_text":"","src":"","width":0,"height":0},"classes":[]},{"id":793,"url":"http:\/\/www.pepiniere-des-possibles.fr\/?page_id=793","url_meta":{"origin":517,"position":3},"title":"Amap \u0153ufs et poules du jardin de P\u00e9pin","author":"pepiniere","date":"04\/03\/2018","format":false,"excerpt":"https:\/\/www.facebook.com\/mathieupepinmaraicher contrat \u0153ufs:Contrat oeuf et poule 2021 Ref asso: lamarque.munier@wanadoo.f Depuis plusieurs ann\u00e9e Am\u00e9lie Dupont produisait des \u0153ufs. Elle cessera son activit\u00e9 ce printemps. Mathieu Pepin, prendra la rel\u00e8ve d\u00e8s le printemps 2021. En effet, un petit atelier poule pondeuse se marie bien avec le mara\u00eechage. Un faible effectif de\u2026","rel":"","context":"Article similaire","block_context":{"text":"Article similaire","link":""},"img":{"alt_text":"","src":"","width":0,"height":0},"classes":[]},{"id":1527,"url":"http:\/\/www.pepiniere-des-possibles.fr\/?page_id=1527","url_meta":{"origin":517,"position":4},"title":"Amap de l&rsquo;Helpe \u00e0 la Solre","author":"pepiniere","date":"20\/02\/2021","format":false,"excerpt":"L'AMAP du pays de l'Helpe \u00e0 la Solre, qu'est-ce que c'est? Une association pour le Maintien de l'Activit\u00e9 Paysanne Un engagement entre l'Amapien et le producteur- L\u2019Amapien est acteur de sa consommation. Il aide au d\u00e9veloppement de l\u2019agriculture paysanne gr\u00e2ce \u00e0 son engagement \u00e0 l\u2019ann\u00e9e aupr\u00e8s d\u2019un producteur. Le mara\u00eecher\u2026","rel":"","context":"Article similaire","block_context":{"text":"Article similaire","link":""},"img":{"alt_text":"","src":"","width":0,"height":0},"classes":[]},{"id":11,"url":"http:\/\/www.pepiniere-des-possibles.fr\/?page_id=11","url_meta":{"origin":517,"position":5},"title":"la P\u00e9pini\u00e8re des Possibles","author":"pepiniere","date":"10\/05\/2014","format":false,"excerpt":"La P\u00e9pini\u00e8re des Possibles, Cr\u00e9atrice d\u2019Utopies R\u00e9alistes, A pour objet de : Promouvoir, soutenir localement tout projet \u00e9conomique \u00e9quitable, solidaire et respectueux de l\u2019homme et de l\u2019environnement Promouvoir, soutenir, aider le d\u00e9veloppement de toute activit\u00e9 paysanne de proximit\u00e9 respectueuse de l\u2019environnement, permettant, en circuit-court, \u00a0la production et la consommation d\u2019aliments\u2026","rel":"","context":"Article similaire","block_context":{"text":"Article similaire","link":""},"img":{"alt_text":"","src":"","width":0,"height":0},"classes":[]}],"jetpack_likes_enabled":true,"_links":{"self":[{"href":"http:\/\/www.pepiniere-des-possibles.fr\/index.php?rest_route=\/wp\/v2\/pages\/517","targetHints":{"allow":["GET"]}}],"collection":[{"href":"http:\/\/www.pepiniere-des-possibles.fr\/index.php?rest_route=\/wp\/v2\/pages"}],"about":[{"href":"http:\/\/www.pepiniere-des-possibles.fr\/index.php?rest_route=\/wp\/v2\/types\/page"}],"author":[{"embeddable":true,"href":"http:\/\/www.pepiniere-des-possibles.fr\/index.php?rest_route=\/wp\/v2\/users\/1"}],"replies":[{"embeddable":true,"href":"http:\/\/www.pepiniere-des-possibles.fr\/index.php?rest_route=%2Fwp%2Fv2%2Fcomments&post=517"}],"version-history":[{"count":4,"href":"http:\/\/www.pepiniere-des-possibles.fr\/index.php?rest_route=\/wp\/v2\/pages\/517\/revisions"}],"predecessor-version":[{"id":1108,"href":"http:\/\/www.pepiniere-des-possibles.fr\/index.php?rest_route=\/wp\/v2\/pages\/517\/revisions\/1108"}],"wp:attachment":[{"href":"http:\/\/www.pepiniere-des-possibles.fr\/index.php?rest_route=%2Fwp%2Fv2%2Fmedia&parent=517"}],"curies":[{"name":"wp","href":"https:\/\/api.w.org\/{rel}","templated":true}]}}