{"id":52,"date":"2014-05-13T19:42:55","date_gmt":"2014-05-13T17:42:55","guid":{"rendered":"http:\/\/www.pepiniere-des-possibles.fr\/?page_id=52"},"modified":"2022-02-02T18:24:10","modified_gmt":"2022-02-02T17:24:10","slug":"amap-du-pays-de-lhelpe-a-la-solre","status":"publish","type":"page","link":"http:\/\/www.pepiniere-des-possibles.fr\/?page_id=52","title":{"rendered":"Amap l\u00e9gumes,  le Jardin de P\u00e9pin"},"content":{"rendered":"<p><a href=\"https:\/\/www.facebook.com\/mathieupepinmaraicher\">https:\/\/www.facebook.com\/mathieupepinmaraicher<\/a><\/p>\n<p style=\"text-align: justify;\">contrat l\u00e9gumes:\u00a0<a href=\"http:\/\/www.pepiniere-des-possibles.fr\/wp-content\/uploads\/2022\/02\/Contrat-legume-2022.pdf\">Contrat legume 2022<\/a><\/p>\n<p style=\"text-align: justify;\">un panier correspond \u00e0 la consommation d&rsquo;une famille de 4 personnes durant une semaine\u00a0\u00a0\u00e0 raison d&rsquo;un repas par jour<br \/>\nChaque semaine de mai \u00e0 mars,\u00a0vous venez avec\u00a0votre cabas r\u00e9cup\u00e9rer\u00a0votre panier de l\u00e9gumes vari\u00e9s.45 paniers sont disponibles. Au del\u00e0 vous serez accueilli(e) sur liste d\u2019attente, et appel\u00e9(e) en priorit\u00e9 \u00e0 la saison nouvelle.<br \/>\nVous pouvez \u00e9galement vous engager sur un demi-panier \u00e0 condition de vous associer en bin\u00f4me pour partager le panier et son co\u00fbt \u00e0 l\u2019ann\u00e9e.<br \/>\nVous vous engagez \u00e0 r\u00e9gler d&rsquo;avance le mara\u00eecher (plusieurs possibilit\u00e9s de paiement : 1 ch\u00e8que, 3 ch\u00e8ques ou 10 ch\u00e8ques).<br \/>\nNous vous invitons \u00e0 parcourir le contrat pour plus d&rsquo;informations.<\/p>\n<p>&nbsp;<\/p>\n<p style=\"text-align: justify;\">Contact:<br \/>\nle mara\u00eecher Mathieu P\u00e9pin<br \/>\nLa grange, chez Mathieu<br \/>\n15, route de Liessies 59740 Willies<br \/>\nt\u00e9l\u00e9phone : 06 85 17 42 96<br \/>\nadresse mail :\u00a0<strong>lejardindepepin@gmail.com<\/strong><\/p>\n<p style=\"text-align: justify;\">Daphn\u00e9e B\u00e9tr\u00e9mieux<\/p>\n<p style=\"text-align: justify;\">\n<div class=\"wpcf7 no-js\" id=\"wpcf7-f69-o1\" lang=\"fr-FR\" dir=\"ltr\" data-wpcf7-id=\"69\">\n<div class=\"screen-reader-response\"><p role=\"status\" aria-live=\"polite\" aria-atomic=\"true\"><\/p> <ul><\/ul><\/div>\n<form action=\"\/index.php?rest_route=%2Fwp%2Fv2%2Fpages%2F52#wpcf7-f69-o1\" method=\"post\" class=\"wpcf7-form init\" aria-label=\"Formulaire de contact\" novalidate=\"novalidate\" data-status=\"init\">\n<fieldset class=\"hidden-fields-container\"><input type=\"hidden\" name=\"_wpcf7\" value=\"69\" \/><input type=\"hidden\" name=\"_wpcf7_version\" value=\"6.1.1\" \/><input type=\"hidden\" name=\"_wpcf7_locale\" value=\"fr_FR\" \/><input type=\"hidden\" name=\"_wpcf7_unit_tag\" value=\"wpcf7-f69-o1\" \/><input type=\"hidden\" name=\"_wpcf7_container_post\" value=\"0\" \/><input type=\"hidden\" name=\"_wpcf7_posted_data_hash\" value=\"\" \/>\n<\/fieldset>\n<p>Votre nom (obligatoire)\n<\/p>\n<p><span class=\"wpcf7-form-control-wrap\" data-name=\"your-name\"><input size=\"40\" maxlength=\"400\" class=\"wpcf7-form-control wpcf7-text wpcf7-validates-as-required\" aria-required=\"true\" aria-invalid=\"false\" value=\"\" type=\"text\" name=\"your-name\" \/><\/span>\n<\/p>\n<p>Votre email (obligatoire)\n<\/p>\n<p><span class=\"wpcf7-form-control-wrap\" data-name=\"your-email\"><input size=\"40\" maxlength=\"400\" class=\"wpcf7-form-control wpcf7-email wpcf7-validates-as-required wpcf7-text wpcf7-validates-as-email\" aria-required=\"true\" aria-invalid=\"false\" value=\"\" type=\"email\" name=\"your-email\" \/><\/span>\n<\/p>\n<p>Sujet\n<\/p>\n<p><span class=\"wpcf7-form-control-wrap\" data-name=\"your-subject\"><input size=\"40\" maxlength=\"400\" class=\"wpcf7-form-control wpcf7-text\" aria-invalid=\"false\" value=\"\" type=\"text\" name=\"your-subject\" \/><\/span>\n<\/p>\n<p>Votre message\n<\/p>\n<p><span class=\"wpcf7-form-control-wrap\" data-name=\"your-message\"><textarea cols=\"40\" rows=\"10\" maxlength=\"2000\" class=\"wpcf7-form-control wpcf7-textarea\" aria-invalid=\"false\" name=\"your-message\"><\/textarea><\/span>\n<\/p>\n<p><input class=\"wpcf7-form-control wpcf7-submit has-spinner\" type=\"submit\" value=\"Envoyer\" \/>\n<\/p><div class=\"wpcf7-response-output\" aria-hidden=\"true\"><\/div>\n<\/form>\n<\/div>\n<\/p>\n<p>&nbsp;<\/p>\n","protected":false},"excerpt":{"rendered":"<p>https:\/\/www.facebook.com\/mathieupepinmaraicher contrat l\u00e9gumes:\u00a0Contrat legume 2022 un panier correspond \u00e0 la consommation d&rsquo;une famille de 4 personnes durant une semaine\u00a0\u00a0\u00e0 raison d&rsquo;un repas par jour Chaque semaine de mai \u00e0 mars,\u00a0vous venez avec\u00a0votre cabas r\u00e9cup\u00e9rer\u00a0votre panier de l\u00e9gumes vari\u00e9s.45 paniers sont &hellip; <a href=\"http:\/\/www.pepiniere-des-possibles.fr\/?page_id=52\">Continuer la lecture <span class=\"meta-nav\">&rarr;<\/span><\/a><\/p>\n","protected":false},"author":1,"featured_media":0,"parent":0,"menu_order":2,"comment_status":"closed","ping_status":"closed","template":"","meta":{"jetpack_post_was_ever_published":false,"footnotes":""},"class_list":["post-52","page","type-page","status-publish","hentry"],"jetpack_sharing_enabled":true,"jetpack_shortlink":"https:\/\/wp.me\/P4XvJ4-Q","jetpack-related-posts":[{"id":793,"url":"http:\/\/www.pepiniere-des-possibles.fr\/?page_id=793","url_meta":{"origin":52,"position":0},"title":"Amap \u0153ufs et poules du jardin de P\u00e9pin","author":"pepiniere","date":"04\/03\/2018","format":false,"excerpt":"https:\/\/www.facebook.com\/mathieupepinmaraicher contrat \u0153ufs:Contrat oeuf et poule 2021 Ref asso: lamarque.munier@wanadoo.f Depuis plusieurs ann\u00e9e Am\u00e9lie Dupont produisait des \u0153ufs. Elle cessera son activit\u00e9 ce printemps. Mathieu Pepin, prendra la rel\u00e8ve d\u00e8s le printemps 2021. En effet, un petit atelier poule pondeuse se marie bien avec le mara\u00eechage. Un faible effectif de\u2026","rel":"","context":"Article similaire","block_context":{"text":"Article similaire","link":""},"img":{"alt_text":"","src":"","width":0,"height":0},"classes":[]},{"id":1527,"url":"http:\/\/www.pepiniere-des-possibles.fr\/?page_id=1527","url_meta":{"origin":52,"position":1},"title":"Amap de l&rsquo;Helpe \u00e0 la Solre","author":"pepiniere","date":"20\/02\/2021","format":false,"excerpt":"L'AMAP du pays de l'Helpe \u00e0 la Solre, qu'est-ce que c'est? Une association pour le Maintien de l'Activit\u00e9 Paysanne Un engagement entre l'Amapien et le producteur- L\u2019Amapien est acteur de sa consommation. Il aide au d\u00e9veloppement de l\u2019agriculture paysanne gr\u00e2ce \u00e0 son engagement \u00e0 l\u2019ann\u00e9e aupr\u00e8s d\u2019un producteur. Le mara\u00eecher\u2026","rel":"","context":"Article similaire","block_context":{"text":"Article similaire","link":""},"img":{"alt_text":"","src":"","width":0,"height":0},"classes":[]},{"id":796,"url":"http:\/\/www.pepiniere-des-possibles.fr\/?page_id=796","url_meta":{"origin":52,"position":2},"title":"Amap Produits laitiers,  Ferme des Hirondelles","author":"pepiniere","date":"04\/03\/2018","format":false,"excerpt":"https:\/\/www.facebook.com\/FermeauxhirondellesDompierre Contrat:contrat produits laitiers 2022-23 \"La Ferme aux Hirondelles\" \u00a0est une exploitation paysanne biologique qui transforme du lait\u00a0en fromage au fil des saisons. Maxime et Irina Courtin vous propose une gamme de fromages au lait cru et affin\u00e9s en cave naturelle,identit\u00e9 du terroir avesnois.\u00a0La gamme s\u2019\u00e9tale du camembert \u00e0 la\u2026","rel":"","context":"Article similaire","block_context":{"text":"Article similaire","link":""},"img":{"alt_text":"","src":"","width":0,"height":0},"classes":[]},{"id":772,"url":"http:\/\/www.pepiniere-des-possibles.fr\/?page_id=772","url_meta":{"origin":52,"position":3},"title":"Adh\u00e9rer","author":"pepiniere","date":"03\/03\/2018","format":false,"excerpt":"Il vous suffit de nous rencontrer et de r\u00e9gler une cotisation annuelle de 10\u20ac. lien vers le formulaire d'adh\u00e9sion:Formulaire_adhesion2021 D\u00e8s lors, vous\u00a0pourrez pr\u00e9tendre \u00e0 un des contrats que nous vous proposons\u00a0\u00a0qui vous lie pendant un an avec un producteur, participer aux ateliers et animations propos\u00e9es et participer \u00e0 la vie\u2026","rel":"","context":"Article similaire","block_context":{"text":"Article similaire","link":""},"img":{"alt_text":"","src":"","width":0,"height":0},"classes":[]},{"id":879,"url":"http:\/\/www.pepiniere-des-possibles.fr\/?page_id=879","url_meta":{"origin":52,"position":4},"title":"Diffusion et promotion","author":"pepiniere","date":"09\/05\/2018","format":false,"excerpt":"Vous trouverez ici du mat\u00e9riel de promotion pour votre association.D'autres documents\u00a0 viendront s'ajouter. AFFICHE g\u00e9n\u00e9rique mara\u00eechage.pub AFFICHE GENERIQUE PEPINIERE","rel":"","context":"Article similaire","block_context":{"text":"Article similaire","link":""},"img":{"alt_text":"","src":"","width":0,"height":0},"classes":[]},{"id":11,"url":"http:\/\/www.pepiniere-des-possibles.fr\/?page_id=11","url_meta":{"origin":52,"position":5},"title":"la P\u00e9pini\u00e8re des Possibles","author":"pepiniere","date":"10\/05\/2014","format":false,"excerpt":"La P\u00e9pini\u00e8re des Possibles, Cr\u00e9atrice d\u2019Utopies R\u00e9alistes, A pour objet de : Promouvoir, soutenir localement tout projet \u00e9conomique \u00e9quitable, solidaire et respectueux de l\u2019homme et de l\u2019environnement Promouvoir, soutenir, aider le d\u00e9veloppement de toute activit\u00e9 paysanne de proximit\u00e9 respectueuse de l\u2019environnement, permettant, en circuit-court, \u00a0la production et la consommation d\u2019aliments\u2026","rel":"","context":"Article similaire","block_context":{"text":"Article similaire","link":""},"img":{"alt_text":"","src":"","width":0,"height":0},"classes":[]}],"jetpack_likes_enabled":true,"_links":{"self":[{"href":"http:\/\/www.pepiniere-des-possibles.fr\/index.php?rest_route=\/wp\/v2\/pages\/52","targetHints":{"allow":["GET"]}}],"collection":[{"href":"http:\/\/www.pepiniere-des-possibles.fr\/index.php?rest_route=\/wp\/v2\/pages"}],"about":[{"href":"http:\/\/www.pepiniere-des-possibles.fr\/index.php?rest_route=\/wp\/v2\/types\/page"}],"author":[{"embeddable":true,"href":"http:\/\/www.pepiniere-des-possibles.fr\/index.php?rest_route=\/wp\/v2\/users\/1"}],"replies":[{"embeddable":true,"href":"http:\/\/www.pepiniere-des-possibles.fr\/index.php?rest_route=%2Fwp%2Fv2%2Fcomments&post=52"}],"version-history":[{"count":19,"href":"http:\/\/www.pepiniere-des-possibles.fr\/index.php?rest_route=\/wp\/v2\/pages\/52\/revisions"}],"predecessor-version":[{"id":1668,"href":"http:\/\/www.pepiniere-des-possibles.fr\/index.php?rest_route=\/wp\/v2\/pages\/52\/revisions\/1668"}],"wp:attachment":[{"href":"http:\/\/www.pepiniere-des-possibles.fr\/index.php?rest_route=%2Fwp%2Fv2%2Fmedia&parent=52"}],"curies":[{"name":"wp","href":"https:\/\/api.w.org\/{rel}","templated":true}]}}