{"id":70,"date":"2014-05-22T08:15:44","date_gmt":"2014-05-22T06:15:44","guid":{"rendered":"http:\/\/www.pepiniere-des-possibles.fr\/?page_id=70"},"modified":"2021-02-20T09:54:04","modified_gmt":"2021-02-20T08:54:04","slug":"contact","status":"publish","type":"page","link":"http:\/\/www.pepiniere-des-possibles.fr\/?page_id=70","title":{"rendered":"Contact"},"content":{"rendered":"\n<div class=\"wpcf7 no-js\" id=\"wpcf7-f69-o1\" lang=\"fr-FR\" dir=\"ltr\" data-wpcf7-id=\"69\">\n<div class=\"screen-reader-response\"><p role=\"status\" aria-live=\"polite\" aria-atomic=\"true\"><\/p> <ul><\/ul><\/div>\n<form action=\"\/index.php?rest_route=%2Fwp%2Fv2%2Fpages%2F70#wpcf7-f69-o1\" method=\"post\" class=\"wpcf7-form init\" aria-label=\"Formulaire de contact\" novalidate=\"novalidate\" data-status=\"init\">\n<fieldset class=\"hidden-fields-container\"><input type=\"hidden\" name=\"_wpcf7\" value=\"69\" \/><input type=\"hidden\" name=\"_wpcf7_version\" value=\"6.1.1\" \/><input type=\"hidden\" name=\"_wpcf7_locale\" value=\"fr_FR\" \/><input type=\"hidden\" name=\"_wpcf7_unit_tag\" value=\"wpcf7-f69-o1\" \/><input type=\"hidden\" name=\"_wpcf7_container_post\" value=\"0\" \/><input type=\"hidden\" name=\"_wpcf7_posted_data_hash\" value=\"\" \/>\n<\/fieldset>\n<p>Votre nom (obligatoire)\n<\/p>\n<p><span class=\"wpcf7-form-control-wrap\" data-name=\"your-name\"><input size=\"40\" maxlength=\"400\" class=\"wpcf7-form-control wpcf7-text wpcf7-validates-as-required\" aria-required=\"true\" aria-invalid=\"false\" value=\"\" type=\"text\" name=\"your-name\" \/><\/span>\n<\/p>\n<p>Votre email (obligatoire)\n<\/p>\n<p><span class=\"wpcf7-form-control-wrap\" data-name=\"your-email\"><input size=\"40\" maxlength=\"400\" class=\"wpcf7-form-control wpcf7-email wpcf7-validates-as-required wpcf7-text wpcf7-validates-as-email\" aria-required=\"true\" aria-invalid=\"false\" value=\"\" type=\"email\" name=\"your-email\" \/><\/span>\n<\/p>\n<p>Sujet\n<\/p>\n<p><span class=\"wpcf7-form-control-wrap\" data-name=\"your-subject\"><input size=\"40\" maxlength=\"400\" class=\"wpcf7-form-control wpcf7-text\" aria-invalid=\"false\" value=\"\" type=\"text\" name=\"your-subject\" \/><\/span>\n<\/p>\n<p>Votre message\n<\/p>\n<p><span class=\"wpcf7-form-control-wrap\" data-name=\"your-message\"><textarea cols=\"40\" rows=\"10\" maxlength=\"2000\" class=\"wpcf7-form-control wpcf7-textarea\" aria-invalid=\"false\" name=\"your-message\"><\/textarea><\/span>\n<\/p>\n<p><input class=\"wpcf7-form-control wpcf7-submit has-spinner\" type=\"submit\" value=\"Envoyer\" \/>\n<\/p><div class=\"wpcf7-response-output\" aria-hidden=\"true\"><\/div>\n<\/form>\n<\/div>\n\n","protected":false},"excerpt":{"rendered":"","protected":false},"author":1,"featured_media":0,"parent":0,"menu_order":9,"comment_status":"closed","ping_status":"closed","template":"","meta":{"jetpack_post_was_ever_published":false,"footnotes":""},"class_list":["post-70","page","type-page","status-publish","hentry"],"jetpack_sharing_enabled":true,"jetpack_shortlink":"https:\/\/wp.me\/P4XvJ4-18","jetpack-related-posts":[{"id":772,"url":"http:\/\/www.pepiniere-des-possibles.fr\/?page_id=772","url_meta":{"origin":70,"position":0},"title":"Adh\u00e9rer","author":"pepiniere","date":"03\/03\/2018","format":false,"excerpt":"Il vous suffit de nous rencontrer et de r\u00e9gler une cotisation annuelle de 10\u20ac. lien vers le formulaire d'adh\u00e9sion:Formulaire_adhesion2021 D\u00e8s lors, vous\u00a0pourrez pr\u00e9tendre \u00e0 un des contrats que nous vous proposons\u00a0\u00a0qui vous lie pendant un an avec un producteur, participer aux ateliers et animations propos\u00e9es et participer \u00e0 la vie\u2026","rel":"","context":"Article similaire","block_context":{"text":"Article similaire","link":""},"img":{"alt_text":"","src":"","width":0,"height":0},"classes":[]},{"id":796,"url":"http:\/\/www.pepiniere-des-possibles.fr\/?page_id=796","url_meta":{"origin":70,"position":1},"title":"Amap Produits laitiers,  Ferme des Hirondelles","author":"pepiniere","date":"04\/03\/2018","format":false,"excerpt":"https:\/\/www.facebook.com\/FermeauxhirondellesDompierre Contrat:contrat produits laitiers 2022-23 \"La Ferme aux Hirondelles\" \u00a0est une exploitation paysanne biologique qui transforme du lait\u00a0en fromage au fil des saisons. Maxime et Irina Courtin vous propose une gamme de fromages au lait cru et affin\u00e9s en cave naturelle,identit\u00e9 du terroir avesnois.\u00a0La gamme s\u2019\u00e9tale du camembert \u00e0 la\u2026","rel":"","context":"Article similaire","block_context":{"text":"Article similaire","link":""},"img":{"alt_text":"","src":"","width":0,"height":0},"classes":[]},{"id":52,"url":"http:\/\/www.pepiniere-des-possibles.fr\/?page_id=52","url_meta":{"origin":70,"position":2},"title":"Amap l\u00e9gumes,  le Jardin de P\u00e9pin","author":"pepiniere","date":"13\/05\/2014","format":false,"excerpt":"https:\/\/www.facebook.com\/mathieupepinmaraicher contrat l\u00e9gumes:\u00a0Contrat legume 2022 un panier correspond \u00e0 la consommation d'une famille de 4 personnes durant une semaine\u00a0\u00a0\u00e0 raison d'un repas par jour Chaque semaine de mai \u00e0 mars,\u00a0vous venez avec\u00a0votre cabas r\u00e9cup\u00e9rer\u00a0votre panier de l\u00e9gumes vari\u00e9s.45 paniers sont disponibles. Au del\u00e0 vous serez accueilli(e) sur liste d\u2019attente, et\u2026","rel":"","context":"Article similaire","block_context":{"text":"Article similaire","link":""},"img":{"alt_text":"","src":"","width":0,"height":0},"classes":[]}],"jetpack_likes_enabled":true,"_links":{"self":[{"href":"http:\/\/www.pepiniere-des-possibles.fr\/index.php?rest_route=\/wp\/v2\/pages\/70","targetHints":{"allow":["GET"]}}],"collection":[{"href":"http:\/\/www.pepiniere-des-possibles.fr\/index.php?rest_route=\/wp\/v2\/pages"}],"about":[{"href":"http:\/\/www.pepiniere-des-possibles.fr\/index.php?rest_route=\/wp\/v2\/types\/page"}],"author":[{"embeddable":true,"href":"http:\/\/www.pepiniere-des-possibles.fr\/index.php?rest_route=\/wp\/v2\/users\/1"}],"replies":[{"embeddable":true,"href":"http:\/\/www.pepiniere-des-possibles.fr\/index.php?rest_route=%2Fwp%2Fv2%2Fcomments&post=70"}],"version-history":[{"count":8,"href":"http:\/\/www.pepiniere-des-possibles.fr\/index.php?rest_route=\/wp\/v2\/pages\/70\/revisions"}],"predecessor-version":[{"id":1109,"href":"http:\/\/www.pepiniere-des-possibles.fr\/index.php?rest_route=\/wp\/v2\/pages\/70\/revisions\/1109"}],"wp:attachment":[{"href":"http:\/\/www.pepiniere-des-possibles.fr\/index.php?rest_route=%2Fwp%2Fv2%2Fmedia&parent=70"}],"curies":[{"name":"wp","href":"https:\/\/api.w.org\/{rel}","templated":true}]}}