{"id":793,"date":"2018-03-04T11:46:01","date_gmt":"2018-03-04T10:46:01","guid":{"rendered":"http:\/\/www.pepiniere-des-possibles.fr\/?page_id=793"},"modified":"2021-03-01T21:49:02","modified_gmt":"2021-03-01T20:49:02","slug":"les-oeufs","status":"publish","type":"page","link":"http:\/\/www.pepiniere-des-possibles.fr\/?page_id=793","title":{"rendered":"Amap \u0153ufs et poules du jardin de P\u00e9pin"},"content":{"rendered":"<p><a href=\"https:\/\/www.facebook.com\/mathieupepinmaraicher\">https:\/\/www.facebook.com\/mathieupepinmaraicher<\/a><\/p>\n<p>contrat \u0153ufs:<a href=\"http:\/\/www.pepiniere-des-possibles.fr\/wp-content\/uploads\/2021\/02\/Contrat-oeuf-et-poule-2021.pdf\">Contrat oeuf et poule 2021<\/a><\/p>\n<p><b>Ref asso: lamarque.munier@wanadoo.f<\/b><\/p>\n<p>Depuis plusieurs ann\u00e9e Am\u00e9lie Dupont produisait des \u0153ufs. Elle cessera son activit\u00e9 ce printemps.<\/p>\n<p>Mathieu Pepin, prendra la rel\u00e8ve d\u00e8s le printemps 2021. En effet, un petit atelier poule pondeuse se marie bien avec le mara\u00eechage. Un faible effectif de poules n\u2019engendre pas un investissement trop important, ni une surcharge de travail trop \u00e9lev\u00e9e. De plus, les l\u00e9gumes ab\u00eem\u00e9s peuvent leur \u00eatre donn\u00e9s aux poules, bien qu\u2019ils n\u2019aident pas \u00e0 la production d\u2019\u0153ufs.<\/p>\n<p>&nbsp;<\/p>\n<p>La poule a besoin de grain pour pondre. Celui-ci, ne pouvant pas \u00eatre produit sur l\u2019exploitation, sera achet\u00e9 pr\u00eat \u00e0 l\u2019emploi, certifi\u00e9 bio. Les poules seront achet\u00e9es \u00ab\u00a0pr\u00eates \u00e0 pondre\u00a0\u00bb certifi\u00e9es bio au couvoir Lanckriet. Elles arriveront deuxi\u00e8me quinzaine de Mai, et seront r\u00e9form\u00e9es en Mars.<\/p>\n<p>&nbsp;<\/p>\n<p>Contrairement aux l\u00e9gumes, la p\u00e9pini\u00e8re des possibles ne sera pas la seule \u00e0 b\u00e9n\u00e9ficier des \u0153ufs des poules de Mathieu. Am\u00e9lie ne produisant plus, l\u2019AMAP du gros tilleul \u00e0 Ohain se retrouve \u00e9galement sans \u0153ufs. Mathieu s\u2019est propos\u00e9 pour fournir cette AMAP car il peut accueillir le nombre de poules suffisant. Le surplus \u00e9ventuel sera propos\u00e9 en achat-revente dans des commerces de vente directe locaux. C\u2019est pourquoi, dans le pr\u00e9sent contrat, il n\u2019y a pas de notion de partage de la r\u00e9colte comme pour les l\u00e9gumes mais une quantit\u00e9 garantie sur la p\u00e9riode de distribution.<\/p>\n<p>&nbsp;<\/p>\n<p>Si vous souhaitez vous informer sur la fili\u00e8re des \u0153ufs en Europe, nous vous conseillons de visionner le reportage \u00ab\u00a0Pauvre poulet\u00a0\u00bb de Jens Niehuss et Simone Bogner (Allemagne, 2019, 1h15mn) disponible en streaming sur <a href=\"https:\/\/www.youtube.com\/watch?v=aRdDezSy3N4\">https:\/\/www.youtube.com\/watch?v=aRdDezSy3N4<\/a><\/p>\n<p>&nbsp;<\/p>\n<p>&nbsp;<\/p>\n","protected":false},"excerpt":{"rendered":"<p>https:\/\/www.facebook.com\/mathieupepinmaraicher contrat \u0153ufs:Contrat oeuf et poule 2021 Ref asso: lamarque.munier@wanadoo.f Depuis plusieurs ann\u00e9e Am\u00e9lie Dupont produisait des \u0153ufs. Elle cessera son activit\u00e9 ce printemps. Mathieu Pepin, prendra la rel\u00e8ve d\u00e8s le printemps 2021. En effet, un petit atelier poule pondeuse &hellip; <a href=\"http:\/\/www.pepiniere-des-possibles.fr\/?page_id=793\">Continuer la lecture <span class=\"meta-nav\">&rarr;<\/span><\/a><\/p>\n","protected":false},"author":1,"featured_media":0,"parent":0,"menu_order":3,"comment_status":"open","ping_status":"closed","template":"","meta":{"jetpack_post_was_ever_published":false,"footnotes":""},"class_list":["post-793","page","type-page","status-publish","hentry"],"jetpack_sharing_enabled":true,"jetpack_shortlink":"https:\/\/wp.me\/P4XvJ4-cN","jetpack-related-posts":[{"id":52,"url":"http:\/\/www.pepiniere-des-possibles.fr\/?page_id=52","url_meta":{"origin":793,"position":0},"title":"Amap l\u00e9gumes,  le Jardin de P\u00e9pin","author":"pepiniere","date":"13\/05\/2014","format":false,"excerpt":"https:\/\/www.facebook.com\/mathieupepinmaraicher contrat l\u00e9gumes:\u00a0Contrat legume 2022 un panier correspond \u00e0 la consommation d'une famille de 4 personnes durant une semaine\u00a0\u00a0\u00e0 raison d'un repas par jour Chaque semaine de mai \u00e0 mars,\u00a0vous venez avec\u00a0votre cabas r\u00e9cup\u00e9rer\u00a0votre panier de l\u00e9gumes vari\u00e9s.45 paniers sont disponibles. Au del\u00e0 vous serez accueilli(e) sur liste d\u2019attente, et\u2026","rel":"","context":"Article similaire","block_context":{"text":"Article similaire","link":""},"img":{"alt_text":"","src":"","width":0,"height":0},"classes":[]},{"id":517,"url":"http:\/\/www.pepiniere-des-possibles.fr\/?page_id=517","url_meta":{"origin":793,"position":1},"title":"Du Sel au Chuc","author":"pepiniere","date":"26\/12\/2015","format":false,"excerpt":"\u00a0 Naissance d\u2019un SEL, germination d\u2019une id\u00e9e\u2026 L\u2019id\u00e9e de mettre en place un SEL nous a conduit \u00e0 nous poser cette question\u00a0: \u00ab\u00a0Pourquoi un SEL\u00a0? Quelle diff\u00e9rence avec les \u00e9changes que nous pratiquons d\u00e9j\u00e0 avec nos voisins ou amis\u00a0?\u00a0\u00bb \u00c0 vrai dire pas grand-chose. Toutefois il permet \u00e0 chacun d\u2019\u00e9largir\u2026","rel":"","context":"Article similaire","block_context":{"text":"Article similaire","link":""},"img":{"alt_text":"","src":"","width":0,"height":0},"classes":[]},{"id":11,"url":"http:\/\/www.pepiniere-des-possibles.fr\/?page_id=11","url_meta":{"origin":793,"position":2},"title":"la P\u00e9pini\u00e8re des Possibles","author":"pepiniere","date":"10\/05\/2014","format":false,"excerpt":"La P\u00e9pini\u00e8re des Possibles, Cr\u00e9atrice d\u2019Utopies R\u00e9alistes, A pour objet de : Promouvoir, soutenir localement tout projet \u00e9conomique \u00e9quitable, solidaire et respectueux de l\u2019homme et de l\u2019environnement Promouvoir, soutenir, aider le d\u00e9veloppement de toute activit\u00e9 paysanne de proximit\u00e9 respectueuse de l\u2019environnement, permettant, en circuit-court, \u00a0la production et la consommation d\u2019aliments\u2026","rel":"","context":"Article similaire","block_context":{"text":"Article similaire","link":""},"img":{"alt_text":"","src":"","width":0,"height":0},"classes":[]},{"id":796,"url":"http:\/\/www.pepiniere-des-possibles.fr\/?page_id=796","url_meta":{"origin":793,"position":3},"title":"Amap Produits laitiers,  Ferme des Hirondelles","author":"pepiniere","date":"04\/03\/2018","format":false,"excerpt":"https:\/\/www.facebook.com\/FermeauxhirondellesDompierre Contrat:contrat produits laitiers 2022-23 \"La Ferme aux Hirondelles\" \u00a0est une exploitation paysanne biologique qui transforme du lait\u00a0en fromage au fil des saisons. Maxime et Irina Courtin vous propose une gamme de fromages au lait cru et affin\u00e9s en cave naturelle,identit\u00e9 du terroir avesnois.\u00a0La gamme s\u2019\u00e9tale du camembert \u00e0 la\u2026","rel":"","context":"Article similaire","block_context":{"text":"Article similaire","link":""},"img":{"alt_text":"","src":"","width":0,"height":0},"classes":[]},{"id":148,"url":"http:\/\/www.pepiniere-des-possibles.fr\/?page_id=148","url_meta":{"origin":793,"position":4},"title":"Le bureau","author":"pepiniere","date":"25\/05\/2014","format":false,"excerpt":"Les membres \u00e9lus lors de du conseil d'administration du 3 mars sont: Pr\u00e9sident:\u00a0Michel Lamarque Vice-pr\u00e9sident:\u00a0Marie Trachez Secr\u00e9taire: Fabienne P\u00e9pin Secr\u00e9taire adjoint: Tr\u00e9sorier:\u00a0Jocelyn Somon Tr\u00e9sori\u00e8re adjointe: Si\u00e8ge: Mairie de Willies 59 740 Willies","rel":"","context":"Article similaire","block_context":{"text":"Article similaire","link":""},"img":{"alt_text":"","src":"","width":0,"height":0},"classes":[]},{"id":1527,"url":"http:\/\/www.pepiniere-des-possibles.fr\/?page_id=1527","url_meta":{"origin":793,"position":5},"title":"Amap de l&rsquo;Helpe \u00e0 la Solre","author":"pepiniere","date":"20\/02\/2021","format":false,"excerpt":"L'AMAP du pays de l'Helpe \u00e0 la Solre, qu'est-ce que c'est? Une association pour le Maintien de l'Activit\u00e9 Paysanne Un engagement entre l'Amapien et le producteur- L\u2019Amapien est acteur de sa consommation. Il aide au d\u00e9veloppement de l\u2019agriculture paysanne gr\u00e2ce \u00e0 son engagement \u00e0 l\u2019ann\u00e9e aupr\u00e8s d\u2019un producteur. Le mara\u00eecher\u2026","rel":"","context":"Article similaire","block_context":{"text":"Article similaire","link":""},"img":{"alt_text":"","src":"","width":0,"height":0},"classes":[]}],"jetpack_likes_enabled":true,"_links":{"self":[{"href":"http:\/\/www.pepiniere-des-possibles.fr\/index.php?rest_route=\/wp\/v2\/pages\/793","targetHints":{"allow":["GET"]}}],"collection":[{"href":"http:\/\/www.pepiniere-des-possibles.fr\/index.php?rest_route=\/wp\/v2\/pages"}],"about":[{"href":"http:\/\/www.pepiniere-des-possibles.fr\/index.php?rest_route=\/wp\/v2\/types\/page"}],"author":[{"embeddable":true,"href":"http:\/\/www.pepiniere-des-possibles.fr\/index.php?rest_route=\/wp\/v2\/users\/1"}],"replies":[{"embeddable":true,"href":"http:\/\/www.pepiniere-des-possibles.fr\/index.php?rest_route=%2Fwp%2Fv2%2Fcomments&post=793"}],"version-history":[{"count":10,"href":"http:\/\/www.pepiniere-des-possibles.fr\/index.php?rest_route=\/wp\/v2\/pages\/793\/revisions"}],"predecessor-version":[{"id":1542,"href":"http:\/\/www.pepiniere-des-possibles.fr\/index.php?rest_route=\/wp\/v2\/pages\/793\/revisions\/1542"}],"wp:attachment":[{"href":"http:\/\/www.pepiniere-des-possibles.fr\/index.php?rest_route=%2Fwp%2Fv2%2Fmedia&parent=793"}],"curies":[{"name":"wp","href":"https:\/\/api.w.org\/{rel}","templated":true}]}}